{"id":81633,"date":"2024-11-02T07:48:38","date_gmt":"2024-11-02T06:48:38","guid":{"rendered":"https:\/\/www.hzhm.hr\/guidelines\/"},"modified":"2025-08-27T11:21:48","modified_gmt":"2025-08-27T09:21:48","slug":"guidelines","status":"publish","type":"page","link":"https:\/\/www.hzhm.hr\/en\/guidelines\/","title":{"rendered":"Guidelines"},"content":{"rendered":"<p>[et_pb_section fb_built=&#8221;1&#8243; _builder_version=&#8221;4.27.4&#8243; _module_preset=&#8221;default&#8221; use_background_color_gradient=&#8221;on&#8221; background_color_gradient_direction=&#8221;150deg&#8221; background_color_gradient_stops=&#8221;#c62828 62%|#aa1201 100%&#8221; custom_padding=&#8221;20px||20px||true|false&#8221; global_colors_info=&#8221;{}&#8221;][et_pb_row _builder_version=&#8221;4.27.4&#8243; _module_preset=&#8221;default&#8221; background_color=&#8221;RGBA(255,255,255,0)&#8221; global_colors_info=&#8221;{}&#8221;][et_pb_column type=&#8221;4_4&#8243; _builder_version=&#8221;4.26.0&#8243; _module_preset=&#8221;default&#8221; global_colors_info=&#8221;{}&#8221;][et_pb_post_title meta=&#8221;off&#8221; featured_image=&#8221;off&#8221; _builder_version=&#8221;4.27.4&#8243; _module_preset=&#8221;default&#8221; title_font=&#8221;|600|||||||&#8221; title_text_color=&#8221;#FFFFFF&#8221; background_color=&#8221;RGBA(255,255,255,0)&#8221; global_colors_info=&#8221;{}&#8221;][\/et_pb_post_title][\/et_pb_column][\/et_pb_row][\/et_pb_section][et_pb_section fb_built=&#8221;1&#8243; _builder_version=&#8221;4.26.0&#8243; _module_preset=&#8221;default&#8221; custom_padding=&#8221;50px||2px|||&#8221; global_colors_info=&#8221;{}&#8221;][et_pb_row column_structure=&#8221;1_3,1_3,1_3&#8243; use_custom_gutter=&#8221;on&#8221; gutter_width=&#8221;2&#8243; _builder_version=&#8221;4.26.0&#8243; _module_preset=&#8221;default&#8221; global_colors_info=&#8221;{}&#8221;][et_pb_column type=&#8221;1_3&#8243; _builder_version=&#8221;4.26.0&#8243; _module_preset=&#8221;default&#8221; global_colors_info=&#8221;{}&#8221;][et_pb_image src=&#8221;https:\/\/www.hzhm.hr\/wp-content\/uploads\/2024\/12\/index-MPDJ.png&#8221; title_text=&#8221;Croatian Index of Receiving Emergency Calls for Medical Dispatch Unit&#8221; url=&#8221;https:\/\/www.hzhm.hr\/wp-content\/uploads\/2025\/01\/Novi-Index.pdf&#8221; url_new_window=&#8221;on&#8221; _builder_version=&#8221;4.27.4&#8243; _module_preset=&#8221;default&#8221; width=&#8221;300px&#8221; global_colors_info=&#8221;{}&#8221;][\/et_pb_image][et_pb_text _builder_version=&#8221;4.27.4&#8243; _module_preset=&#8221;default&#8221; global_colors_info=&#8221;{}&#8221;]<\/p>\n<p><a title=\"Croatian Index of Receiving Emergency Calls for Medical Dispatch Unit\" href=\"https:\/\/www.hzhm.hr\/wp-content\/uploads\/2025\/01\/Novi-Index.pdf\">Croatian Index of Receiving Emergency Calls for Medical Dispatch Unit<\/a><\/p>\n<p>[\/et_pb_text][\/et_pb_column][et_pb_column type=&#8221;1_3&#8243; _builder_version=&#8221;4.26.0&#8243; _module_preset=&#8221;default&#8221; global_colors_info=&#8221;{}&#8221;][et_pb_image src=&#8221;https:\/\/www.hzhm.hr\/wp-content\/uploads\/2025\/03\/Nacionalne-smjernice-za-rad-izvanbolnicke-i-bolnicke-hitne-medicinske-sluzbe-s-pacijentima-kojim-je-potrebna-palijativna-skrb.png&#8221; title_text=&#8221;Nacionalne smjernice za rad izvanbolni\u010dke i bolni\u010dke hitne medicinske slu\u017ebe s pacijentima kojim je potrebna palijativna skrb&#8221; url=&#8221;https:\/\/www.hzhm.hr\/wp-content\/uploads\/2025\/06\/Nacionalne-smjernice-za-rad-izvanbolnicke-i-bolnicke-hitne-medicinske-sluzbe-s-pacijentima-kojima-je-potrebna-palijativna-skrb.pdf&#8221; _builder_version=&#8221;4.27.4&#8243; _module_preset=&#8221;default&#8221; width=&#8221;300px&#8221; global_colors_info=&#8221;{}&#8221;][\/et_pb_image][et_pb_text _builder_version=&#8221;4.27.4&#8243; _module_preset=&#8221;default&#8221; global_colors_info=&#8221;{}&#8221;]<\/p>\n<p><a title=\"National Guidelines for Pre-Hospital and Hospital Emergency Medical Services with Patients in Need of Palliative care\" href=\"https:\/\/www.hzhm.hr\/wp-content\/uploads\/2025\/06\/Nacionalne-smjernice-za-rad-izvanbolnicke-i-bolnicke-hitne-medicinske-sluzbe-s-pacijentima-kojima-je-potrebna-palijativna-skrb.pdf\" target=\"_blank\" rel=\"noopener\">National Guidelines for Pre-Hospital and Hospital Emergency Medical Services with Patients in Need of Palliative care<\/a><\/p>\n<p>[\/et_pb_text][\/et_pb_column][et_pb_column type=&#8221;1_3&#8243; _builder_version=&#8221;4.26.0&#8243; _module_preset=&#8221;default&#8221; global_colors_info=&#8221;{}&#8221;][et_pb_image src=&#8221;https:\/\/www.hzhm.hr\/wp-content\/uploads\/2024\/12\/Smjernice-nesrec\u0301e-kemikalijama.png&#8221; title_text=&#8221;Guidelines for Pre-Hospital and Hospital Emergency Medical Services in Case of Accidents with Chemicals&#8221; url=&#8221;https:\/\/www.hzhm.hr\/wp-content\/uploads\/2024\/12\/smjernice-u-slucaju-nesreca-s-kemikalijama.pdf&#8221; url_new_window=&#8221;on&#8221; _builder_version=&#8221;4.27.4&#8243; _module_preset=&#8221;default&#8221; width=&#8221;300px&#8221; global_colors_info=&#8221;{}&#8221;][\/et_pb_image][et_pb_text _builder_version=&#8221;4.27.4&#8243; _module_preset=&#8221;default&#8221; global_colors_info=&#8221;{}&#8221;]<\/p>\n<p><a title=\"Guidelines for Pre-Hospital and Hospital Emergency Medical Services in Case of Accidents with Chemicals\" href=\"https:\/\/www.hzhm.hr\/wp-content\/uploads\/2024\/12\/smjernice-u-slucaju-nesreca-s-kemikalijama.pdf\" target=\"_blank\" rel=\"noopener\">Guidelines for Pre-Hospital and Hospital Emergency Medical Services in Case of Accidents with Chemicals<\/a><\/p>\n<p>[\/et_pb_text][\/et_pb_column][\/et_pb_row][et_pb_row column_structure=&#8221;1_2,1_2&#8243; use_custom_gutter=&#8221;on&#8221; gutter_width=&#8221;2&#8243; _builder_version=&#8221;4.26.0&#8243; _module_preset=&#8221;default&#8221; global_colors_info=&#8221;{}&#8221;][et_pb_column type=&#8221;1_2&#8243; _builder_version=&#8221;4.26.0&#8243; _module_preset=&#8221;default&#8221; global_colors_info=&#8221;{}&#8221;][et_pb_image src=&#8221;https:\/\/www.hzhm.hr\/wp-content\/uploads\/2025\/01\/Smjernice-HDHM-HLZ.png&#8221; title_text=&#8221;Smjernice HDHM HLZ&#8221; url=&#8221;https:\/\/hrcak.srce.hr\/broj\/24925&#8243; url_new_window=&#8221;on&#8221; _builder_version=&#8221;4.27.4&#8243; _module_preset=&#8221;default&#8221; global_colors_info=&#8221;{}&#8221;][\/et_pb_image][et_pb_text _builder_version=&#8221;4.27.4&#8243; _module_preset=&#8221;default&#8221; global_colors_info=&#8221;{}&#8221;]<\/p>\n<p><a title=\"Clinical guidelines and recommendations for patient care in the emergency medical service of the CMA \u2013 Croatian Society for Emergency Medicine\" href=\"https:\/\/hrcak.srce.hr\/broj\/24925\">Clinical guidelines and recommendations for patient care in the emergency medical service of the CMA \u2013 Croatian Society for Emergency Medicine<\/a><\/p>\n<p>[\/et_pb_text][\/et_pb_column][et_pb_column type=&#8221;1_2&#8243; _builder_version=&#8221;4.26.0&#8243; _module_preset=&#8221;default&#8221; global_colors_info=&#8221;{}&#8221;][et_pb_image src=&#8221;https:\/\/www.hzhm.hr\/wp-content\/uploads\/2025\/08\/Naslovnica_Smjernice-za-rad-medicinskih-sestara_medicinskih-tehnicara-specijalista-u-djelatnosti-hitne-medicine-1.png&#8221; title_text=&#8221;Naslovnica_Smjernice za rad medicinskih sestara_medicinskih tehni\u010dara specijalista u djelatnosti hitne medicine&#8221; url=&#8221;https:\/\/www.hzhm.hr\/wp-content\/uploads\/2025\/08\/Smjernice-za-rad-medicinskih-sestara_medicinskih-tehnicara-specijalista-u-djelatnosti-hitne-medicine.pdf&#8221; _builder_version=&#8221;4.27.4&#8243; _module_preset=&#8221;default&#8221; width=&#8221;300px&#8221; global_colors_info=&#8221;{}&#8221;][\/et_pb_image][et_pb_text _builder_version=&#8221;4.27.4&#8243; _module_preset=&#8221;default&#8221; hover_enabled=&#8221;0&#8243; global_colors_info=&#8221;{}&#8221; sticky_enabled=&#8221;0&#8243;]<\/p>\n<p><a href=\"https:\/\/www.hzhm.hr\/wp-content\/uploads\/2025\/08\/Smjernice-za-rad-medicinskih-sestara_medicinskih-tehnicara-specijalista-u-djelatnosti-hitne-medicine.pdf\">Guidelines for Specialist Nurses in Emergency Medicine<\/a><\/p>\n<p>[\/et_pb_text][\/et_pb_column][\/et_pb_row][\/et_pb_section]<\/p>\n","protected":false},"excerpt":{"rendered":"<p>Croatian Index of Receiving Emergency Calls for Medical Dispatch UnitNational Guidelines for Pre-Hospital and Hospital Emergency Medical Services with Patients in Need of Palliative careGuidelines for Pre-Hospital and Hospital Emergency [&hellip;]<\/p>\n","protected":false},"author":1,"featured_media":0,"parent":0,"menu_order":0,"comment_status":"closed","ping_status":"closed","template":"","meta":{"_et_pb_use_builder":"on","_et_pb_old_content":"","_et_gb_content_width":"","footnotes":""},"class_list":["post-81633","page","type-page","status-publish","hentry"],"aioseo_notices":[],"_links":{"self":[{"href":"https:\/\/www.hzhm.hr\/en\/wp-json\/wp\/v2\/pages\/81633","targetHints":{"allow":["GET"]}}],"collection":[{"href":"https:\/\/www.hzhm.hr\/en\/wp-json\/wp\/v2\/pages"}],"about":[{"href":"https:\/\/www.hzhm.hr\/en\/wp-json\/wp\/v2\/types\/page"}],"author":[{"embeddable":true,"href":"https:\/\/www.hzhm.hr\/en\/wp-json\/wp\/v2\/users\/1"}],"replies":[{"embeddable":true,"href":"https:\/\/www.hzhm.hr\/en\/wp-json\/wp\/v2\/comments?post=81633"}],"version-history":[{"count":12,"href":"https:\/\/www.hzhm.hr\/en\/wp-json\/wp\/v2\/pages\/81633\/revisions"}],"predecessor-version":[{"id":92643,"href":"https:\/\/www.hzhm.hr\/en\/wp-json\/wp\/v2\/pages\/81633\/revisions\/92643"}],"wp:attachment":[{"href":"https:\/\/www.hzhm.hr\/en\/wp-json\/wp\/v2\/media?parent=81633"}],"curies":[{"name":"wp","href":"https:\/\/api.w.org\/{rel}","templated":true}]}}