{"id":13990,"date":"2024-07-08T20:53:37","date_gmt":"2024-07-08T18:53:37","guid":{"rendered":"https:\/\/www.hzhm.hr\/upravno-vijece\/"},"modified":"2025-02-06T09:48:04","modified_gmt":"2025-02-06T08:48:04","slug":"administration-board","status":"publish","type":"page","link":"https:\/\/www.hzhm.hr\/en\/administration-board\/","title":{"rendered":"Administration Board"},"content":{"rendered":"<p>[et_pb_section fb_built=&#8221;1&#8243; _builder_version=&#8221;4.27.4&#8243; _module_preset=&#8221;default&#8221; use_background_color_gradient=&#8221;on&#8221; background_color_gradient_direction=&#8221;150deg&#8221; background_color_gradient_stops=&#8221;#c62828 62%|#aa1201 100%&#8221; custom_padding=&#8221;20px||20px||true|false&#8221; global_colors_info=&#8221;{}&#8221; theme_builder_area=&#8221;post_content&#8221;][et_pb_row _builder_version=&#8221;4.27.4&#8243; _module_preset=&#8221;default&#8221; background_color=&#8221;RGBA(255,255,255,0)&#8221; global_colors_info=&#8221;{}&#8221; theme_builder_area=&#8221;post_content&#8221;][et_pb_column type=&#8221;4_4&#8243; _builder_version=&#8221;4.26.0&#8243; _module_preset=&#8221;default&#8221; global_colors_info=&#8221;{}&#8221; theme_builder_area=&#8221;post_content&#8221;][et_pb_post_title meta=&#8221;off&#8221; featured_image=&#8221;off&#8221; _builder_version=&#8221;4.27.4&#8243; _module_preset=&#8221;default&#8221; title_font=&#8221;|600|||||||&#8221; title_text_color=&#8221;#FFFFFF&#8221; background_color=&#8221;RGBA(255,255,255,0)&#8221; global_colors_info=&#8221;{}&#8221; theme_builder_area=&#8221;post_content&#8221;][\/et_pb_post_title][\/et_pb_column][\/et_pb_row][\/et_pb_section][et_pb_section fb_built=&#8221;1&#8243; _builder_version=&#8221;4.26.0&#8243; _module_preset=&#8221;default&#8221; custom_margin=&#8221;||50px|||&#8221; custom_padding=&#8221;50px||5px|||&#8221; global_colors_info=&#8221;{}&#8221;][et_pb_row _builder_version=&#8221;4.26.0&#8243; _module_preset=&#8221;default&#8221; custom_padding=&#8221;||2px|||&#8221; global_colors_info=&#8221;{}&#8221;][et_pb_column type=&#8221;4_4&#8243; _builder_version=&#8221;4.26.0&#8243; _module_preset=&#8221;default&#8221; global_colors_info=&#8221;{}&#8221;][et_pb_text _builder_version=&#8221;4.27.3&#8243; _module_preset=&#8221;default&#8221; global_colors_info=&#8221;{}&#8221;]<\/p>\n<div class=\"col-md-9\">\n<div class=\"blog-posts single-post\">\n<article class=\"post clearfix mb-0\">\n<div class=\"entry-content\">\n<p><strong>Members of the Administration Board<\/strong><\/p>\n<p>Mislav Herman, M.D., president<\/p>\n<p>prim. Milivoj Novak, M.D., member<\/p>\n<p>Slaven Babi\u0107, M.D., member<\/p>\n<p>Vedran Drlja\u010da, LL.B., member<\/p>\n<p>Luka Pej\u010di\u0107, LL.B., member<\/p>\n<\/div>\n<\/article>\n<\/div>\n<\/div>\n<div class=\"col-md-3\">\n<div class=\"sidebar sidebar-left mt-sm-30\">\n<div class=\"widget\">\u00a0<\/div>\n<\/div>\n<\/div>\n<p>[\/et_pb_text][\/et_pb_column][\/et_pb_row][\/et_pb_section]<\/p>\n","protected":false},"excerpt":{"rendered":"<p>Members of the Administration Board Mislav Herman, M.D., president prim. Milivoj Novak, M.D., member Slaven Babi\u0107, M.D., member Vedran Drlja\u010da, LL.B., member Luka Pej\u010di\u0107, LL.B., member \u00a0<\/p>\n","protected":false},"author":1,"featured_media":0,"parent":0,"menu_order":0,"comment_status":"closed","ping_status":"closed","template":"","meta":{"_et_pb_use_builder":"on","_et_pb_old_content":"<p>[et_pb_section fb_built=\"1\" _builder_version=\"4.26.0\" _module_preset=\"default\" custom_padding=\"||5px|||\" global_colors_info=\"{}\" custom_margin=\"||50px|||\"][et_pb_row _builder_version=\"4.26.0\" _module_preset=\"default\" global_colors_info=\"{}\"][et_pb_column type=\"4_4\" _builder_version=\"4.26.0\" _module_preset=\"default\" global_colors_info=\"{}\"][et_pb_post_title meta=\"off\" featured_image=\"off\" _builder_version=\"4.26.0\" _module_preset=\"default\" global_colors_info=\"{}\"][\/et_pb_post_title][\/et_pb_column][\/et_pb_row][et_pb_row _builder_version=\"4.26.0\" _module_preset=\"default\" custom_padding=\"||2px|||\" global_colors_info=\"{}\"][et_pb_column type=\"4_4\" _builder_version=\"4.26.0\" _module_preset=\"default\" global_colors_info=\"{}\"][et_pb_text _builder_version=\"4.26.0\" _module_preset=\"default\" global_colors_info=\"{}\"]<\/p><p><strong>\u010clanovi Upravnog vije\u0107a:<\/strong><\/p><p>dr. sc. Mislav Herman, dr. med., predsjednik<\/p><p>prim. Milivoj Novak, dr. med., \u010dlan<\/p><p>dr. sc. Slaven Babi\u0107, dr. med., \u010dlan<\/p><p>Vedran Drlja\u010da, dipl. iur., \u010dlan<\/p><p>Luka Pej\u010di\u0107, dipl. iur., \u010dlan<\/p><p>\u00a0<\/p><p><a href=\"https:\/\/www.hzhm.hr\/wp-content\/uploads\/2024\/07\/Poslovnik-o-radu-upravnog-vijeca-Hrvatskog-zavoda-za-hitnu-medicinu.pdf\" rel=\"attachment wp-att-317\">Poslovnik-o-radu-upravnog-vijeca-Hrvatskog-zavoda-za-hitnu-medicinu<\/a><\/p><p>[\/et_pb_text][\/et_pb_column][\/et_pb_row][\/et_pb_section]<\/p>","_et_gb_content_width":"","footnotes":""},"class_list":["post-13990","page","type-page","status-publish","hentry"],"aioseo_notices":[],"_links":{"self":[{"href":"https:\/\/www.hzhm.hr\/en\/wp-json\/wp\/v2\/pages\/13990","targetHints":{"allow":["GET"]}}],"collection":[{"href":"https:\/\/www.hzhm.hr\/en\/wp-json\/wp\/v2\/pages"}],"about":[{"href":"https:\/\/www.hzhm.hr\/en\/wp-json\/wp\/v2\/types\/page"}],"author":[{"embeddable":true,"href":"https:\/\/www.hzhm.hr\/en\/wp-json\/wp\/v2\/users\/1"}],"replies":[{"embeddable":true,"href":"https:\/\/www.hzhm.hr\/en\/wp-json\/wp\/v2\/comments?post=13990"}],"version-history":[{"count":8,"href":"https:\/\/www.hzhm.hr\/en\/wp-json\/wp\/v2\/pages\/13990\/revisions"}],"predecessor-version":[{"id":88913,"href":"https:\/\/www.hzhm.hr\/en\/wp-json\/wp\/v2\/pages\/13990\/revisions\/88913"}],"wp:attachment":[{"href":"https:\/\/www.hzhm.hr\/en\/wp-json\/wp\/v2\/media?parent=13990"}],"curies":[{"name":"wp","href":"https:\/\/api.w.org\/{rel}","templated":true}]}}